{"id":2219,"date":"2023-11-27T07:46:21","date_gmt":"2023-11-27T05:46:21","guid":{"rendered":"https:\/\/rhodesbuggysafari.com\/?post_type=product&#038;p=2219"},"modified":"2026-01-02T17:45:13","modified_gmt":"2026-01-02T15:45:13","slug":"archipoli-adventure","status":"publish","type":"product","link":"https:\/\/rhodesbuggysafari.com\/de\/tour\/archipoli-adventure\/","title":{"rendered":"Archipoli Adventure"},"content":{"rendered":"","protected":false},"excerpt":{"rendered":"<ul>\n<li style=\"text-align: left;\"><strong>Wir starten in Kolymbia und werden ein spektakul\u00e4res Abenteuer erleben, es f\u00fchrt mit viel Spa\u00df in die Berge, vorbei an historischen Kl\u00f6stern und Kirchen und entlang der K\u00fcste.<\/strong><\/li>\n<li style=\"text-align: left;\">Monday \/ Tuesday \/ Wednesday \/ Thursday \/ Friday\u00a0 &#8211; 14:30 \u2013 19:30<\/li>\n<li style=\"text-align: left;\">You will need a car driving license<\/li>\n<li style=\"text-align: left;\">Minimum age of the passenger 7 years<\/li>\n<li style=\"text-align: left;\">Price : 245 \u20ac per buggy (2 Persons)<\/li>\n<\/ul>","protected":false},"featured_media":435,"template":"","meta":[],"product_brand":[],"product_cat":[17],"product_tag":[],"class_list":{"0":"post-2219","1":"product","2":"type-product","3":"status-publish","4":"has-post-thumbnail","6":"product_cat-uncategorised","8":"first","9":"instock","10":"virtual","11":"sold-individually","12":"purchasable","13":"product-type-simple"},"_links":{"self":[{"href":"https:\/\/rhodesbuggysafari.com\/de\/wp-json\/wp\/v2\/product\/2219","targetHints":{"allow":["GET"]}}],"collection":[{"href":"https:\/\/rhodesbuggysafari.com\/de\/wp-json\/wp\/v2\/product"}],"about":[{"href":"https:\/\/rhodesbuggysafari.com\/de\/wp-json\/wp\/v2\/types\/product"}],"wp:featuredmedia":[{"embeddable":true,"href":"https:\/\/rhodesbuggysafari.com\/de\/wp-json\/wp\/v2\/media\/435"}],"wp:attachment":[{"href":"https:\/\/rhodesbuggysafari.com\/de\/wp-json\/wp\/v2\/media?parent=2219"}],"wp:term":[{"taxonomy":"product_brand","embeddable":true,"href":"https:\/\/rhodesbuggysafari.com\/de\/wp-json\/wp\/v2\/product_brand?post=2219"},{"taxonomy":"product_cat","embeddable":true,"href":"https:\/\/rhodesbuggysafari.com\/de\/wp-json\/wp\/v2\/product_cat?post=2219"},{"taxonomy":"product_tag","embeddable":true,"href":"https:\/\/rhodesbuggysafari.com\/de\/wp-json\/wp\/v2\/product_tag?post=2219"}],"curies":[{"name":"wp","href":"https:\/\/api.w.org\/{rel}","templated":true}]}}