{"id":82,"date":"2023-11-02T17:33:23","date_gmt":"2023-11-02T15:33:23","guid":{"rendered":"https:\/\/rhodesbuggysafari.com\/?page_id=82"},"modified":"2025-12-18T05:40:29","modified_gmt":"2025-12-18T03:40:29","slug":"about-us","status":"publish","type":"page","link":"https:\/\/rhodesbuggysafari.com\/de\/about-us\/","title":{"rendered":"\u00dcber Uns"},"content":{"rendered":"<div data-elementor-type=\"wp-page\" data-elementor-id=\"82\" class=\"elementor elementor-82\" data-elementor-post-type=\"page\">\n\t\t\t\t\t\t<section class=\"wd-negative-gap elementor-section elementor-top-section elementor-element elementor-element-4b3b33c elementor-section-content-middle elementor-section-boxed elementor-section-height-default elementor-section-height-default\" data-id=\"4b3b33c\" data-element_type=\"section\">\n\t\t\t\t\t\t\t<div class=\"elementor-background-overlay\"><\/div>\n\t\t\t\t\t\t\t<div class=\"elementor-container elementor-column-gap-no\">\n\t\t\t\t\t<div class=\"elementor-column elementor-col-50 elementor-top-column elementor-element elementor-element-3d65f4f\" data-id=\"3d65f4f\" data-element_type=\"column\">\n\t\t\t<div class=\"elementor-widget-wrap elementor-element-populated\">\n\t\t\t\t\t\t<div class=\"elementor-element elementor-element-dbec795 elementor-widget elementor-widget-heading\" data-id=\"dbec795\" data-element_type=\"widget\" data-widget_type=\"heading.default\">\n\t\t\t\t<div class=\"elementor-widget-container\">\n\t\t\t\t\t<h2 class=\"elementor-heading-title elementor-size-default\">EINIGE WORTE \u00dcBER UNS<\/h2>\t\t\t\t<\/div>\n\t\t\t\t<\/div>\n\t\t\t\t<div class=\"elementor-element elementor-element-b41bbc0 elementor-widget elementor-widget-heading\" data-id=\"b41bbc0\" data-element_type=\"widget\" data-widget_type=\"heading.default\">\n\t\t\t\t<div class=\"elementor-widget-container\">\n\t\t\t\t\t<h2 class=\"elementor-heading-title elementor-size-default\">RHODES BUGGY SAFARI<\/h2>\t\t\t\t<\/div>\n\t\t\t\t<\/div>\n\t\t\t\t<div class=\"elementor-element elementor-element-b20e6e9 elementor-widget elementor-widget-wd_text_block\" data-id=\"b20e6e9\" data-element_type=\"widget\" data-widget_type=\"wd_text_block.default\">\n\t\t\t\t<div class=\"elementor-widget-container\">\n\t\t\t\t\t\t\t<div class=\"wd-text-block reset-last-child text-left\">\n\t\t\t\n\t\t\t<p>Es gibt nichts Besseres als den Adrenalinsto\u00df, den das Fahren eines Buggys \u00fcber unwegsames Gel\u00e4nde ausl\u00f6st. Bei der Rhodes Buggy Safari sp\u00fcren Sie den Wind in Ihren Haaren, wenn Sie \u00fcber felsige H\u00fcgel fahren, durch B\u00e4che spritzen und \u00fcber unbefestigte Wege cruisen. Es ist ein aufregendes Abenteuer, das Ihr Herz h\u00f6her schlagen l\u00e4sst.<\/p><p>Rhodos ist bekannt f\u00fcr seine atemberaubende Natur, und eine Buggy-Safari ist die perfekte M\u00f6glichkeit, diese aus n\u00e4chster N\u00e4he zu erleben. Sie fahren durch W\u00e4lder, \u00fcber H\u00fcgel und entlang der atemberaubenden K\u00fcste und bekommen so einen einzigartigen Blick auf die vielf\u00e4ltigen Landschaften der Insel.<\/p>\n\t\t\t\t\t<\/div>\n\t\t\t\t\t\t<\/div>\n\t\t\t\t<\/div>\n\t\t\t\t\t<\/div>\n\t\t<\/div>\n\t\t\t\t<div class=\"elementor-column elementor-col-50 elementor-top-column elementor-element elementor-element-ff7eda9\" data-id=\"ff7eda9\" data-element_type=\"column\">\n\t\t\t<div class=\"elementor-widget-wrap elementor-element-populated\">\n\t\t\t\t\t\t<section class=\"wd-negative-gap elementor-section elementor-inner-section elementor-element elementor-element-460efbc elementor-section-full_width elementor-section-height-default elementor-section-height-default\" data-id=\"460efbc\" data-element_type=\"section\">\n\t\t\t\t\t\t<div class=\"elementor-container elementor-column-gap-extended\">\n\t\t\t\t\t<div class=\"elementor-column elementor-col-50 elementor-inner-column elementor-element elementor-element-73a7dad\" data-id=\"73a7dad\" data-element_type=\"column\">\n\t\t\t<div class=\"elementor-widget-wrap elementor-element-populated\">\n\t\t\t\t\t\t<div class=\"elementor-element elementor-element-319ea80 elementor-widget elementor-widget-image\" data-id=\"319ea80\" data-element_type=\"widget\" data-widget_type=\"image.default\">\n\t\t\t\t<div class=\"elementor-widget-container\">\n\t\t\t\t\t\t\t\t\t\t\t\t\t\t\t<img loading=\"lazy\" decoding=\"async\" width=\"730\" height=\"1024\" src=\"https:\/\/rhodesbuggysafari.com\/wp-content\/uploads\/2025\/07\/Rhodes-Buggy-Safari_3-730x1024.webp\" class=\"attachment-large size-large wp-image-2847\" alt=\"\" srcset=\"https:\/\/rhodesbuggysafari.com\/wp-content\/uploads\/2025\/07\/Rhodes-Buggy-Safari_3-730x1024.webp 730w, https:\/\/rhodesbuggysafari.com\/wp-content\/uploads\/2025\/07\/Rhodes-Buggy-Safari_3-214x300.webp 214w, https:\/\/rhodesbuggysafari.com\/wp-content\/uploads\/2025\/07\/Rhodes-Buggy-Safari_3-768x1078.webp 768w, https:\/\/rhodesbuggysafari.com\/wp-content\/uploads\/2025\/07\/Rhodes-Buggy-Safari_3-1095x1536.webp 1095w, https:\/\/rhodesbuggysafari.com\/wp-content\/uploads\/2025\/07\/Rhodes-Buggy-Safari_3-1460x2048.webp 1460w, https:\/\/rhodesbuggysafari.com\/wp-content\/uploads\/2025\/07\/Rhodes-Buggy-Safari_3-9x12.webp 9w, https:\/\/rhodesbuggysafari.com\/wp-content\/uploads\/2025\/07\/Rhodes-Buggy-Safari_3-600x842.webp 600w, https:\/\/rhodesbuggysafari.com\/wp-content\/uploads\/2025\/07\/Rhodes-Buggy-Safari_3-150x210.webp 150w, https:\/\/rhodesbuggysafari.com\/wp-content\/uploads\/2025\/07\/Rhodes-Buggy-Safari_3-scaled.webp 1825w\" sizes=\"auto, (max-width: 730px) 100vw, 730px\">\t\t\t\t\t\t\t\t\t\t\t\t\t\t\t<\/div>\n\t\t\t\t<\/div>\n\t\t\t\t\t<\/div>\n\t\t<\/div>\n\t\t\t\t<div class=\"elementor-column elementor-col-50 elementor-inner-column elementor-element elementor-element-048ae48\" data-id=\"048ae48\" data-element_type=\"column\">\n\t\t\t<div class=\"elementor-widget-wrap elementor-element-populated\">\n\t\t\t\t\t\t<div class=\"elementor-element elementor-element-f0e42d8 elementor-widget elementor-widget-image\" data-id=\"f0e42d8\" data-element_type=\"widget\" data-widget_type=\"image.default\">\n\t\t\t\t<div class=\"elementor-widget-container\">\n\t\t\t\t\t\t\t\t\t\t\t\t\t\t\t<img loading=\"lazy\" decoding=\"async\" width=\"834\" height=\"1024\" src=\"https:\/\/rhodesbuggysafari.com\/wp-content\/uploads\/2025\/07\/Rhodes-Buggy-Safari_5-834x1024.webp\" class=\"attachment-large size-large wp-image-2848\" alt=\"\" srcset=\"https:\/\/rhodesbuggysafari.com\/wp-content\/uploads\/2025\/07\/Rhodes-Buggy-Safari_5-834x1024.webp 834w, https:\/\/rhodesbuggysafari.com\/wp-content\/uploads\/2025\/07\/Rhodes-Buggy-Safari_5-244x300.webp 244w, https:\/\/rhodesbuggysafari.com\/wp-content\/uploads\/2025\/07\/Rhodes-Buggy-Safari_5-768x943.webp 768w, https:\/\/rhodesbuggysafari.com\/wp-content\/uploads\/2025\/07\/Rhodes-Buggy-Safari_5-1251x1536.webp 1251w, https:\/\/rhodesbuggysafari.com\/wp-content\/uploads\/2025\/07\/Rhodes-Buggy-Safari_5-1668x2048.webp 1668w, https:\/\/rhodesbuggysafari.com\/wp-content\/uploads\/2025\/07\/Rhodes-Buggy-Safari_5-10x12.webp 10w, https:\/\/rhodesbuggysafari.com\/wp-content\/uploads\/2025\/07\/Rhodes-Buggy-Safari_5-600x737.webp 600w, https:\/\/rhodesbuggysafari.com\/wp-content\/uploads\/2025\/07\/Rhodes-Buggy-Safari_5-150x184.webp 150w\" sizes=\"auto, (max-width: 834px) 100vw, 834px\">\t\t\t\t\t\t\t\t\t\t\t\t\t\t\t<\/div>\n\t\t\t\t<\/div>\n\t\t\t\t\t<\/div>\n\t\t<\/div>\n\t\t\t\t\t<\/div>\n\t\t<\/section>\n\t\t\t\t\t<\/div>\n\t\t<\/div>\n\t\t\t\t\t<\/div>\n\t\t<\/section>\n\t\t\t\t<section class=\"elementor-section elementor-top-section elementor-element elementor-element-d465ccd elementor-section-full_width wd-section-stretch-content elementor-section-height-default elementor-section-height-default\" data-id=\"d465ccd\" data-element_type=\"section\" data-settings=\"{&quot;background_background&quot;:&quot;classic&quot;}\">\n\t\t\t\t\t\t<div class=\"elementor-container elementor-column-gap-default\">\n\t\t\t\t\t<div class=\"elementor-column elementor-col-50 elementor-top-column elementor-element elementor-element-22104638\" data-id=\"22104638\" data-element_type=\"column\">\n\t\t\t<div class=\"elementor-widget-wrap elementor-element-populated\">\n\t\t\t\t\t\t<div class=\"elementor-element elementor-element-1cec96f elementor-widget elementor-widget-spacer\" data-id=\"1cec96f\" data-element_type=\"widget\" data-widget_type=\"spacer.default\">\n\t\t\t\t<div class=\"elementor-widget-container\">\n\t\t\t\t\t\t\t<div class=\"elementor-spacer\">\n\t\t\t<div class=\"elementor-spacer-inner\"><\/div>\n\t\t<\/div>\n\t\t\t\t\t\t<\/div>\n\t\t\t\t<\/div>\n\t\t\t\t<div class=\"elementor-element elementor-element-d4780ac elementor-widget elementor-widget-heading\" data-id=\"d4780ac\" data-element_type=\"widget\" data-widget_type=\"heading.default\">\n\t\t\t\t<div class=\"elementor-widget-container\">\n\t\t\t\t\t<h2 class=\"elementor-heading-title elementor-size-default translation-block\">Wir bieten erstklassigen <span style=\"color: #61CE70\">Service<\/span> und eine besondere<span style=\"color: #61CE70\"> Erfahrung<\/span>...<\/h2>\t\t\t\t<\/div>\n\t\t\t\t<\/div>\n\t\t\t\t<div class=\"elementor-element elementor-element-e0e8543 color-scheme-inherit text-left elementor-widget elementor-widget-text-editor\" data-id=\"e0e8543\" data-element_type=\"widget\" data-widget_type=\"text-editor.default\">\n\t\t\t\t<div class=\"elementor-widget-container\">\n\t\t\t\t\t\t\t\t\t<p>Rhodes Buggy Safari - Wir sind ein Familienbetrieb und haben es uns zur Aufgabe gemacht, Ihnen die Insel von ihren ganz unterschiedlichen Seiten zu pr\u00e4sentieren.<\/p>\t\t\t\t\t\t\t\t<\/div>\n\t\t\t\t<\/div>\n\t\t\t\t<div class=\"elementor-element elementor-element-e513d22 elementor-invisible elementor-widget elementor-widget-button\" data-id=\"e513d22\" data-element_type=\"widget\" data-settings=\"{&quot;_animation&quot;:&quot;fadeInLeft&quot;}\" data-widget_type=\"button.default\">\n\t\t\t\t<div class=\"elementor-widget-container\">\n\t\t\t\t\t\t\t\t\t<div class=\"elementor-button-wrapper\">\n\t\t\t\t\t<a class=\"elementor-button elementor-button-link elementor-size-sm\" href=\"https:\/\/rhodesbuggysafari.com\/de\/our-tours\/\">\n\t\t\t\t\t\t<span class=\"elementor-button-content-wrapper\">\n\t\t\t\t\t\t<span class=\"elementor-button-icon\">\n\t\t\t\t<i aria-hidden=\"true\" class=\"moteling-icon- moteling-icon-arrow-short-right\"><\/i>\t\t\t<\/span>\n\t\t\t\t\t\t\t\t\t<span class=\"elementor-button-text\">Buchen Sie eine Tour<\/span>\n\t\t\t\t\t<\/span>\n\t\t\t\t\t<\/a>\n\t\t\t\t<\/div>\n\t\t\t\t\t\t\t\t<\/div>\n\t\t\t\t<\/div>\n\t\t\t\t<div class=\"elementor-element elementor-element-be3869c elementor-hidden-tablet elementor-hidden-mobile elementor-widget elementor-widget-image\" data-id=\"be3869c\" data-element_type=\"widget\" data-widget_type=\"image.default\">\n\t\t\t\t<div class=\"elementor-widget-container\">\n\t\t\t\t\t\t\t\t\t\t\t\t\t\t\t<img loading=\"lazy\" decoding=\"async\" width=\"1200\" height=\"800\" src=\"https:\/\/rhodesbuggysafari.com\/wp-content\/uploads\/2023\/11\/Rhodes-Buggy-Safari-083-1-1.webp\" class=\"attachment-full size-full wp-image-1519\" alt=\"Rhodes Buggy Safari\" srcset=\"https:\/\/rhodesbuggysafari.com\/wp-content\/uploads\/2023\/11\/Rhodes-Buggy-Safari-083-1-1.webp 1200w, https:\/\/rhodesbuggysafari.com\/wp-content\/uploads\/2023\/11\/Rhodes-Buggy-Safari-083-1-1-300x200.webp 300w, https:\/\/rhodesbuggysafari.com\/wp-content\/uploads\/2023\/11\/Rhodes-Buggy-Safari-083-1-1-1024x683.webp 1024w, https:\/\/rhodesbuggysafari.com\/wp-content\/uploads\/2023\/11\/Rhodes-Buggy-Safari-083-1-1-768x512.webp 768w, https:\/\/rhodesbuggysafari.com\/wp-content\/uploads\/2023\/11\/Rhodes-Buggy-Safari-083-1-1-18x12.webp 18w, https:\/\/rhodesbuggysafari.com\/wp-content\/uploads\/2023\/11\/Rhodes-Buggy-Safari-083-1-1-460x307.webp 460w, https:\/\/rhodesbuggysafari.com\/wp-content\/uploads\/2023\/11\/Rhodes-Buggy-Safari-083-1-1-600x400.webp 600w, https:\/\/rhodesbuggysafari.com\/wp-content\/uploads\/2023\/11\/Rhodes-Buggy-Safari-083-1-1-150x100.webp 150w\" sizes=\"auto, (max-width: 1200px) 100vw, 1200px\" \/>\t\t\t\t\t\t\t\t\t\t\t\t\t\t\t<\/div>\n\t\t\t\t<\/div>\n\t\t\t\t\t<\/div>\n\t\t<\/div>\n\t\t\t\t<div class=\"elementor-column elementor-col-50 elementor-top-column elementor-element elementor-element-1996bbda\" data-id=\"1996bbda\" data-element_type=\"column\" data-settings=\"{&quot;background_background&quot;:&quot;classic&quot;}\">\n\t\t\t<div class=\"elementor-widget-wrap elementor-element-populated\">\n\t\t\t\t\t\t<div class=\"elementor-element elementor-element-3356dec6 elementor-widget elementor-widget-spacer\" data-id=\"3356dec6\" data-element_type=\"widget\" data-widget_type=\"spacer.default\">\n\t\t\t\t<div class=\"elementor-widget-container\">\n\t\t\t\t\t\t\t<div class=\"elementor-spacer\">\n\t\t\t<div class=\"elementor-spacer-inner\"><\/div>\n\t\t<\/div>\n\t\t\t\t\t\t<\/div>\n\t\t\t\t<\/div>\n\t\t\t\t\t<\/div>\n\t\t<\/div>\n\t\t\t\t\t<\/div>\n\t\t<\/section>\n\t\t\t\t<\/div>","protected":false},"excerpt":{"rendered":"<p>SOME WORDS ABOUT US RHODES BUGGY SAFARI There\u2019s nothing quite like the adrenaline rush of driving a buggy over rough<\/p>","protected":false},"author":1,"featured_media":599,"parent":0,"menu_order":0,"comment_status":"closed","ping_status":"closed","template":"","meta":{"footnotes":""},"class_list":["post-82","page","type-page","status-publish","has-post-thumbnail","hentry"],"_links":{"self":[{"href":"https:\/\/rhodesbuggysafari.com\/de\/wp-json\/wp\/v2\/pages\/82","targetHints":{"allow":["GET"]}}],"collection":[{"href":"https:\/\/rhodesbuggysafari.com\/de\/wp-json\/wp\/v2\/pages"}],"about":[{"href":"https:\/\/rhodesbuggysafari.com\/de\/wp-json\/wp\/v2\/types\/page"}],"author":[{"embeddable":true,"href":"https:\/\/rhodesbuggysafari.com\/de\/wp-json\/wp\/v2\/users\/1"}],"replies":[{"embeddable":true,"href":"https:\/\/rhodesbuggysafari.com\/de\/wp-json\/wp\/v2\/comments?post=82"}],"version-history":[{"count":90,"href":"https:\/\/rhodesbuggysafari.com\/de\/wp-json\/wp\/v2\/pages\/82\/revisions"}],"predecessor-version":[{"id":2952,"href":"https:\/\/rhodesbuggysafari.com\/de\/wp-json\/wp\/v2\/pages\/82\/revisions\/2952"}],"wp:featuredmedia":[{"embeddable":true,"href":"https:\/\/rhodesbuggysafari.com\/de\/wp-json\/wp\/v2\/media\/599"}],"wp:attachment":[{"href":"https:\/\/rhodesbuggysafari.com\/de\/wp-json\/wp\/v2\/media?parent=82"}],"curies":[{"name":"wp","href":"https:\/\/api.w.org\/{rel}","templated":true}]}}