{"id":1727,"date":"2023-11-09T11:15:54","date_gmt":"2023-11-09T09:15:54","guid":{"rendered":"https:\/\/rhodesbuggysafari.com\/?page_id=1727"},"modified":"2023-11-20T10:22:45","modified_gmt":"2023-11-20T08:22:45","slug":"rules-regulations","status":"publish","type":"page","link":"https:\/\/rhodesbuggysafari.com\/de\/rules-regulations\/","title":{"rendered":"Regeln und Bestimmungen"},"content":{"rendered":"<ul>\n<li>Alle Fahrer m\u00fcssen f\u00fcr eine Buggy-Tour mindestens 18 Jahre alt sein und einen g\u00fcltigen F\u00fchrerschein besitzen (dieser muss im Original vorgelegt werden).<\/li>\n<li>Der Konsum von Alkohol und Drogen ist vor und w\u00e4hrend der Tour strengstens untersagt. Erscheint der Teilnehmer bei Beginn der Tour betrunken oder durch andere berauschende Mittel beeintr\u00e4chtigt, hat der Tourguide das Recht, den Teilnehmer von der Tour auszuschlie\u00dfen. In diesem Fall hat der Teilnehmer keinen Anspruch auf R\u00fcckerstattung des Veranstaltungspreises.<\/li>\n<li>Alle Fahrer m\u00fcssen unsere Fahrbedingungen lesen und eine Verzichtserkl\u00e4rung unterschreiben, in der sie best\u00e4tigen, dass sie sich der Risiken, Bedingungen und Gefahren der vorgeschlagenen Aktivit\u00e4t als Teilnehmer voll bewusst sind.<\/li>\n<li>Alle Zahlungen m\u00fcssen vor der Tour abgeschlossen sein.<\/li>\n<li>Richtiges Schuhwerk ist erforderlich. Das hei\u00dft, keine hohen Abs\u00e4tze, Sandalen, Flip Flops oder offene Schuhe.<\/li>\n<li>Alle unsere Preise sind in EURO und enthalten die Mehrwertsteuer. Bitte informieren Sie sich in einer Wechselstube \u00fcber die aktuellen W\u00e4hrungsschwankungen.<\/li>\n<li>Die vertragliche Leistung des Veranstalters besteht in der Durchf\u00fchrung einer von einem Tourguide gef\u00fchrten Tour, an der der Teilnehmer als Fahrer oder Beifahrer eines vom Veranstalter gestellten Buggys teilnehmen kann.<\/li>\n<li>Vor Beginn der Tour wird der Teilnehmer durch den Tourguide in die Handhabung eines Buggys eingewiesen (Einweisung). Es ist zwingend erforderlich, dass die Teilnehmer die griechische, englische oder deutsche Sprache verstehen. Wenn der Teilnehmer keine Kenntnisse in einer dieser Sprachen hat und nicht in der Lage ist, den Fahr- und Sicherheitsanweisungen zu folgen, k\u00f6nnen und werden wir den Teilnehmer nicht auf eine Tour mitnehmen. Bitte beachten Sie auch, dass wir in diesem Fall keine R\u00fcckerstattung vornehmen k\u00f6nnen.<\/li>\n<li>Das dem Teilnehmer zugewiesene Fahrzeug wird ihm in technisch einwandfreiem Zustand, sauber und vollgetankt \u00fcbergeben.<br \/>\nDer Teilnehmer f\u00e4hrt auf eigene Gefahr und Verantwortung, auch wenn er dem Reiseleiter folgt. Er hat seine Fahrweise dem Grundsatz seiner eigenen Sicherheit und seinem eigenen K\u00f6nnen anzupassen. Es gelten die Regeln der griechischen Stra\u00dfenverkehrsordnung, f\u00fcr deren Einhaltung der Teilnehmer verantwortlich ist. Das Gleiche gilt f\u00fcr den Umgang mit der Natur. Insoweit haftet der Teilnehmer f\u00fcr alle Geb\u00fchren, Abgaben, Bu\u00dfgelder, Strafen, Schadensersatzanspr\u00fcche Dritter (sofern sie nicht durch die Haftpflichtversicherung gedeckt sind) im Zusammenhang mit seiner Nutzung des Fahrzeugs, f\u00fcr die der Veranstalter in Anspruch genommen wird, es sei denn, sie sind durch den Veranstalter verursacht.<\/li>\n<li>Anweisungen des Reiseleiters hat der Teilnehmer zu befolgen. Unterl\u00e4sst er dies oder verst\u00f6\u00dft er gegen sonstige Schutzvorschriften oder sonstige in den Veranstaltungsbedingungen genannte Teilnahmebedingungen oder werden durch sein Verhalten die \u00fcbrigen Teilnehmer oder die ordnungsgem\u00e4\u00dfe Durchf\u00fchrung der Veranstaltung gef\u00e4hrdet, verletzt oder gesch\u00e4digt, so ist der Veranstalter berechtigt, den Teilnehmer ohne Erstattung seines Veranstaltungspreises und der entstandenen Kosten von der weiteren Veranstaltung auszuschlie\u00dfen.<\/li>\n<li>Die Anmeldung des Teilnehmers, die keiner besonderen Form bedarf, ist verbindlich und kommt durch die Annahme des Veranstalters, die ebenfalls keiner besonderen Form bedarf, zustande.<\/li>\n<li>F\u00fcr die vom Veranstalter zur Verf\u00fcgung gestellten Fahrzeuge besteht eine Haftpflichtversicherung. Es wird darauf hingewiesen, dass diese Haftpflichtversicherung nur Sch\u00e4den abdeckt, die durch den Betrieb des Buggys an dritten Personen oder Sachen entstehen. Sollte ein Schaden \u00fcber die gesetzliche Versicherungssumme hinaus entstehen, ist der Veranstalter vom Teilnehmer schad- und klaglos zu halten. Eigene Personensch\u00e4den oder Sch\u00e4den am gelenkten Fahrzeug werden nicht von der Haftpflichtversicherung oder dem Veranstalter \u00fcbernommen. F\u00fcr Sch\u00e4den am Fahrzeug hat der Teilnehmer selbst aufzukommen und den Veranstalter in diesem Zusammenhang schadlos zu halten.<\/li>\n<li>Der Teilnehmer \u00fcbernimmt die zivil- und strafrechtliche Verantwortung f\u00fcr alle von ihm verursachten Sch\u00e4den (z.B. Personen-, Sach- und Folgesch\u00e4den). Er verzichtet auf jegliche Anspr\u00fcche gegen den Veranstalter, seine Mitarbeiter und alle mit der Veranstaltung betrauten Personen, die bei einem Schadensereignis w\u00e4hrend der gebuchten Veranstaltung entstehen. Ferner stellt der Teilnehmer den Veranstalter und seine Mitarbeiter von Anspr\u00fcchen Dritter frei, die im Zusammenhang mit einem von ihm verursachten oder verschuldeten Schadensereignis geltend gemacht werden.<\/li>\n<li>Aufgrund der Beschaffenheit der Tour kann diese nur bei geeignetem Wetter durchgef\u00fchrt werden. Insofern sind \u00c4nderungen von Terminen, Veranstaltungen und Routenwahlen vorbehalten.<br \/>\nIst das Wetter f\u00fcr die Veranstaltung ungeeignet (z.B. Sturm, Gewitter, Nebel, Regen, Eisregen), kann der Veranstalter die Tour zu diesem Termin - auch kurzfristig - absagen.<br \/>\nDie Entscheidung, ob ungeeignetes Wetter herrscht, trifft der Tourguide.<\/li>\n<li>Im Falle einer Absage der geplanten F\u00fchrungstermine aus den oben genannten Gr\u00fcnden wird der Veranstalter einen Ersatztermin anbieten.<\/li>\n<li>Ist es dem Teilnehmer nicht m\u00f6glich, an einem neuen Termin teilzunehmen, ist er berechtigt, vom Vertrag zur\u00fcckzutreten. In diesem Fall erh\u00e4lt der Teilnehmer den Veranstaltungspreis zur\u00fcck, weitere Anspr\u00fcche des Teilnehmers sind ausgeschlossen.<\/li>\n<li>F\u00fcr Streitigkeiten aus dem Vertragsverh\u00e4ltnis zwischen dem Veranstalter und dem Teilnehmer wird, soweit zul\u00e4ssig, die Zust\u00e4ndigkeit des f\u00fcr Rhodos zust\u00e4ndigen Gerichts vereinbart. Die Vertragssprache ist Englisch. Es wird ausschlie\u00dflich die Anwendung des griechischen Rechts vereinbart.<\/li>\n<\/ul>","protected":false},"excerpt":{"rendered":"<p>All drivers must be at least 18 years of age for a buggy tour and have a valid full driver\u2019s<\/p>","protected":false},"author":1,"featured_media":0,"parent":0,"menu_order":0,"comment_status":"closed","ping_status":"closed","template":"","meta":{"footnotes":""},"class_list":["post-1727","page","type-page","status-publish","hentry"],"_links":{"self":[{"href":"https:\/\/rhodesbuggysafari.com\/de\/wp-json\/wp\/v2\/pages\/1727","targetHints":{"allow":["GET"]}}],"collection":[{"href":"https:\/\/rhodesbuggysafari.com\/de\/wp-json\/wp\/v2\/pages"}],"about":[{"href":"https:\/\/rhodesbuggysafari.com\/de\/wp-json\/wp\/v2\/types\/page"}],"author":[{"embeddable":true,"href":"https:\/\/rhodesbuggysafari.com\/de\/wp-json\/wp\/v2\/users\/1"}],"replies":[{"embeddable":true,"href":"https:\/\/rhodesbuggysafari.com\/de\/wp-json\/wp\/v2\/comments?post=1727"}],"version-history":[{"count":4,"href":"https:\/\/rhodesbuggysafari.com\/de\/wp-json\/wp\/v2\/pages\/1727\/revisions"}],"predecessor-version":[{"id":1731,"href":"https:\/\/rhodesbuggysafari.com\/de\/wp-json\/wp\/v2\/pages\/1727\/revisions\/1731"}],"wp:attachment":[{"href":"https:\/\/rhodesbuggysafari.com\/de\/wp-json\/wp\/v2\/media?parent=1727"}],"curies":[{"name":"wp","href":"https:\/\/api.w.org\/{rel}","templated":true}]}}